{"id":856,"date":"2013-12-08T16:49:39","date_gmt":"2013-12-08T15:49:39","guid":{"rendered":"http:\/\/ricordi.respublic.com\/?page_id=856"},"modified":"2013-12-11T11:21:00","modified_gmt":"2013-12-11T10:21:00","slug":"testimonianze-famigliari","status":"publish","type":"page","link":"https:\/\/ricordi.respublic.com\/?page_id=856","title":{"rendered":"Testimonianze famigliari"},"content":{"rendered":"<figure id=\"attachment_858\" aria-describedby=\"caption-attachment-858\" style=\"width: 574px\" class=\"wp-caption aligncenter\"><a href=\"https:\/\/ricordi.respublic.com\/wp-content\/uploads\/2013\/12\/1908_07_22_IMG_indirizzo.jpg\"><img loading=\"lazy\" decoding=\"async\" class=\"wp-image-858 \" title=\"Cartolina postale scritta il 22 luglio 1908 e spedita da San Mauro a Migliere\" alt=\"Cartolina postale scritta il 22 luglio 1908 e spedita da San Mauro a Migliere\" src=\"https:\/\/ricordi.respublic.com\/wp-content\/uploads\/2013\/12\/1908_07_22_IMG_indirizzo.jpg\" width=\"574\" height=\"362\" srcset=\"https:\/\/ricordi.respublic.com\/wp-content\/uploads\/2013\/12\/1908_07_22_IMG_indirizzo.jpg 820w, https:\/\/ricordi.respublic.com\/wp-content\/uploads\/2013\/12\/1908_07_22_IMG_indirizzo-300x189.jpg 300w\" sizes=\"auto, (max-width: 574px) 100vw, 574px\" \/><\/a><figcaption id=\"caption-attachment-858\" class=\"wp-caption-text\">Cartolina postale scritta il 22 luglio 1908, spedita da San Mauro e ricevuta a Migliere il 28<\/figcaption><\/figure>\n<p>Negli anni dal 1904 al 1914 circa i miei bisnonni paterni, Antonio Battista e Teresa Girardi, risalirono a vivere in Valle di Lanzo ed a Migliere nella casa di propriet\u00e0. Mentre i figli, i fratelli Girardi Antonio e Battista, gestivano l&#8217;attivit\u00e0 commerciale del Salsamentario in San Mauro. I collegamenti venivano mantenuti per corrispondenza postale con una certa frequenza mediante lettere e cartoline postali. Di questa documentazione sono rimaste alcune tracce in una quarantina tra lettere e cartoline. Alcune parlano proprio del ponte in fase di costruzione.<\/p>\n<h3>Mercoled\u00ec 22 luglio 1908<\/h3>\n<p>La prima, che riporto integralmente perch\u00e8 in modo chiaro evidenzia le caratteristiche della scrittura del tempo -le singole lettere, il modo di scrivere la data, come scrivere i saluti, etc-, \u00e8 di\u00a0mercoled\u00ec 22 luglio 1908.<\/p>\n<figure id=\"attachment_859\" aria-describedby=\"caption-attachment-859\" style=\"width: 578px\" class=\"wp-caption aligncenter\"><a href=\"https:\/\/ricordi.respublic.com\/wp-content\/uploads\/2013\/12\/1908_07_22_IMG_testo.jpg\"><img loading=\"lazy\" decoding=\"async\" class=\"wp-image-859 \" title=\"Cartolina postale scritta il 22 luglio 1908 e spedita da San Mauro a Migliere\" alt=\"Cartolina postale scritta il 22 luglio 1908 e spedita da San Mauro a Migliere\" src=\"https:\/\/ricordi.respublic.com\/wp-content\/uploads\/2013\/12\/1908_07_22_IMG_testo.jpg\" width=\"578\" height=\"366\" srcset=\"https:\/\/ricordi.respublic.com\/wp-content\/uploads\/2013\/12\/1908_07_22_IMG_testo.jpg 820w, https:\/\/ricordi.respublic.com\/wp-content\/uploads\/2013\/12\/1908_07_22_IMG_testo-300x190.jpg 300w\" sizes=\"auto, (max-width: 578px) 100vw, 578px\" \/><\/a><figcaption id=\"caption-attachment-859\" class=\"wp-caption-text\">Cartolina postale scritta il 22 luglio 1908, spedita da San Mauro e ricevuta a Migliere il 28<\/figcaption><\/figure>\n<p>Dopo la data ed i saluti sempre scritti in modo formale ed elegante si arriva alla speranza che &#8220;la settimana ventura il muratore finisca&#8221; (confesso che non so che cosa). Poi compare la notizia sul ponte che ritrascrivo<\/p>\n<blockquote><p>\u00a0La tranvia elettrica da giovedi\u2019 (NT: 16 luglio 1908) scorso ha inaugurato il servizio passandoci avanti quaranta sei volte al giorno senza contare i merci ma tutto sembra vada meglio di prima. Quest&#8217;oggi dicono debbono firmare il contratto del ponte e si pu\u00f2 dire che sar\u00e0 presto in principio essendovi di gi\u00e0 arrivato quasi tutto il fabbisogno.<\/p><\/blockquote>\n<p>Il testo si conclude con i saluti e la firma di mio nonno. Il Salsamentario, al piano stradale della <a title=\"Il ponte e casa Girardi\" href=\"https:\/\/ricordi.respublic.com\/san-mauro-torinese-2\/il-ponte-vittorio-emanuele-iii\/il-ponte-e-casa-girardi\/\">casa di famiglia<\/a>, era collocato proprio nella Piazzetta di San Rocco all&#8217;angolo con la Via di Torino (ora Via Martiri della Libert\u00e0): da una tale posizione si poteva veramente avere il polso di ci\u00f2 che succedeva per il ponte e per le attivit\u00e0 commerciali del paese. Penso poi che queste osservazioni corressero sulla bocca di chi frequentava il negozio e la zona e che mio nonno le abbia cos\u00ec raccolte e riassunte nella cartolina.<\/p>\n<h3>Mercoled\u00ec 13 luglio 1910<\/h3>\n<figure id=\"attachment_876\" aria-describedby=\"caption-attachment-876\" style=\"width: 590px\" class=\"wp-caption aligncenter\"><a href=\"https:\/\/ricordi.respublic.com\/wp-content\/uploads\/2013\/12\/1910_07_13_testo_DATA.jpg\"><img loading=\"lazy\" decoding=\"async\" class=\"wp-image-876 \" title=\"1910\/07\/13 Novit\u00e0 sul Ponte - La data\" alt=\"1910\/07\/13 Novit\u00e0 sul Ponte - La data\" src=\"https:\/\/ricordi.respublic.com\/wp-content\/uploads\/2013\/12\/1910_07_13_testo_DATA.jpg\" width=\"590\" height=\"70\" srcset=\"https:\/\/ricordi.respublic.com\/wp-content\/uploads\/2013\/12\/1910_07_13_testo_DATA.jpg 820w, https:\/\/ricordi.respublic.com\/wp-content\/uploads\/2013\/12\/1910_07_13_testo_DATA-300x35.jpg 300w\" sizes=\"auto, (max-width: 590px) 100vw, 590px\" \/><\/a><figcaption id=\"caption-attachment-876\" class=\"wp-caption-text\">1910\/07\/13 Novit\u00e0 sul Ponte &#8211; La data<\/figcaption><\/figure>\n<p>La seconda \u00e8 una cartolina che risale a mercoled\u00ec 13 luglio 1910 e che riporto parzialmente perch\u00e8 in cattive condizioni. Si apre come al solito con la data ed i saluti a cui segue un paragrafo intitolato <span style=\"text-decoration: underline;\">Novit\u00e0<\/span> (sottolineata) e che dice<\/p>\n<figure id=\"attachment_875\" aria-describedby=\"caption-attachment-875\" style=\"width: 574px\" class=\"wp-caption aligncenter\"><a href=\"https:\/\/ricordi.respublic.com\/wp-content\/uploads\/2013\/12\/1910_07_13_testo_NOVITA_PONTE.jpg\"><img loading=\"lazy\" decoding=\"async\" class=\"wp-image-875 \" alt=\"1910\/07\/13 Novit\u00e0 sul Ponte\" src=\"https:\/\/ricordi.respublic.com\/wp-content\/uploads\/2013\/12\/1910_07_13_testo_NOVITA_PONTE.jpg\" width=\"574\" height=\"155\" srcset=\"https:\/\/ricordi.respublic.com\/wp-content\/uploads\/2013\/12\/1910_07_13_testo_NOVITA_PONTE.jpg 820w, https:\/\/ricordi.respublic.com\/wp-content\/uploads\/2013\/12\/1910_07_13_testo_NOVITA_PONTE-300x81.jpg 300w\" sizes=\"auto, (max-width: 574px) 100vw, 574px\" \/><\/a><figcaption id=\"caption-attachment-875\" class=\"wp-caption-text\">1910\/07\/13 Novit\u00e0 sul Ponte<\/figcaption><\/figure>\n<blockquote><p>Da ieri (marted\u00ec 13 luglio 1910) venti operai sotto l\u2019impresa Allegri hanno dato principio ai lavo[ri] del ponte e stanno costruendone un provvisorio che si dice servir\u00e0 anche per il passaggio dei pedoni.<\/p><\/blockquote>\n<p>La voce che venga costruita una passerella provvisoria \u00e8 ampiamente motivata ed \u00e8 quasi sicuro che chi lavorava al ponte ne avesse bisogno per tutte le attivit\u00e0 collegate.<\/p>\n<h3>Mercoled\u00ec 20 luglio 1910<\/h3>\n<p style=\"text-align: left;\">L&#8217;ultima e&#8217; una lettera di quattro pagine che spiega la situazione di San Mauro dopo che le elezioni della domenica precedente hanno consacrato sindaco Giovanni Mochino il padre del Ponte Nuovo.<\/p>\n<figure id=\"attachment_885\" aria-describedby=\"caption-attachment-885\" style=\"width: 545px\" class=\"wp-caption aligncenter\"><a href=\"https:\/\/ricordi.respublic.com\/wp-content\/uploads\/2013\/12\/1910_07_20_LETTERA_SAN_MAURO_pag1_DATA.jpg\"><img loading=\"lazy\" decoding=\"async\" class=\"wp-image-885 \" title=\"1910\/07\/20, lettera da San Mauro - La data\" alt=\"1910\/07\/20, lettera da San Mauro - La data\" src=\"https:\/\/ricordi.respublic.com\/wp-content\/uploads\/2013\/12\/1910_07_20_LETTERA_SAN_MAURO_pag1_DATA.jpg\" width=\"545\" height=\"139\" srcset=\"https:\/\/ricordi.respublic.com\/wp-content\/uploads\/2013\/12\/1910_07_20_LETTERA_SAN_MAURO_pag1_DATA.jpg 820w, https:\/\/ricordi.respublic.com\/wp-content\/uploads\/2013\/12\/1910_07_20_LETTERA_SAN_MAURO_pag1_DATA-300x76.jpg 300w\" sizes=\"auto, (max-width: 545px) 100vw, 545px\" \/><\/a><figcaption id=\"caption-attachment-885\" class=\"wp-caption-text\">1910\/07\/20, lettera da San Mauro &#8211; La data<\/figcaption><\/figure>\n<p>L&#8217;inizio \u00e8 al solito con la data seguito immediatamente da un resoconto sulle avvenute elezioni<\/p>\n<figure id=\"attachment_886\" aria-describedby=\"caption-attachment-886\" style=\"width: 574px\" class=\"wp-caption aligncenter\"><a href=\"https:\/\/ricordi.respublic.com\/wp-content\/uploads\/2013\/12\/1910_07_20_LETTERA_SAN_MAURO_pag2_ELEZIONI.jpg\"><img loading=\"lazy\" decoding=\"async\" class=\"wp-image-886 \" title=\"1910\/07\/20, lettera da San Mauro - I risultati elettorali con la elezione di Giovanni Mochino\" alt=\"1910\/07\/20, lettera da San Mauro - I risultati elettorali con la elezione di Giovanni Mochino\" src=\"https:\/\/ricordi.respublic.com\/wp-content\/uploads\/2013\/12\/1910_07_20_LETTERA_SAN_MAURO_pag1_ELEZIONI.jpg\" width=\"574\" height=\"522\" srcset=\"https:\/\/ricordi.respublic.com\/wp-content\/uploads\/2013\/12\/1910_07_20_LETTERA_SAN_MAURO_pag1_ELEZIONI.jpg 820w, https:\/\/ricordi.respublic.com\/wp-content\/uploads\/2013\/12\/1910_07_20_LETTERA_SAN_MAURO_pag1_ELEZIONI-300x272.jpg 300w\" sizes=\"auto, (max-width: 574px) 100vw, 574px\" \/><\/a><figcaption id=\"caption-attachment-886\" class=\"wp-caption-text\">1910\/07\/20, lettera da San Mauro &#8211; I risultati elettorali con la elezione di Giovanni Mochino<\/figcaption><\/figure>\n<figure id=\"attachment_887\" aria-describedby=\"caption-attachment-887\" style=\"width: 574px\" class=\"wp-caption aligncenter\"><a href=\"https:\/\/ricordi.respublic.com\/wp-content\/uploads\/2013\/12\/1910_07_20_LETTERA_SAN_MAURO_pag2_ELEZIONI.jpg\"><img loading=\"lazy\" decoding=\"async\" class=\"wp-image-887 \" title=\"1910\/07\/20, lettera da San Mauro - Festeggiamenti per I risultati elettorali del Gruppo Montecitorio con il simbolo degli zoccoli infangati\" alt=\"1910\/07\/20, lettera da San Mauro - Festeggiamenti per I risultati elettorali del Gruppo Montecitorio con il simbolo degli zoccoli infangati\" src=\"https:\/\/ricordi.respublic.com\/wp-content\/uploads\/2013\/12\/1910_07_20_LETTERA_SAN_MAURO_pag2_ELEZIONI.jpg\" width=\"574\" height=\"465\" srcset=\"https:\/\/ricordi.respublic.com\/wp-content\/uploads\/2013\/12\/1910_07_20_LETTERA_SAN_MAURO_pag2_ELEZIONI.jpg 820w, https:\/\/ricordi.respublic.com\/wp-content\/uploads\/2013\/12\/1910_07_20_LETTERA_SAN_MAURO_pag2_ELEZIONI-300x242.jpg 300w\" sizes=\"auto, (max-width: 574px) 100vw, 574px\" \/><\/a><figcaption id=\"caption-attachment-887\" class=\"wp-caption-text\">1910\/07\/20, lettera da San Mauro &#8211; Festeggiamenti per I risultati elettorali del Gruppo Montecitorio con il simbolo degli zoccoli infangati<\/figcaption><\/figure>\n<p>Il testo riletto \u00e8 il seguente<\/p>\n<blockquote><p>E ora vi dico che elezioni di domenica [17 luglio] riuscirono favorevoli al gruppo L.G. e furono eletti nella maggioranza tutti e quattro i candidati proposti, cio\u00e8 il Mochino sindaco con voti 273, il Leonardo Domenico con voti 251, Lavista collonnello con voti 251 e Pilone Augusto lavandaio oltre po scadente [il cui mandato scadeva] con voti 241, e riusc\u00ec eletto in minoranza l\u2019Armellino Cipriano capomastro con voti 103 e molta pressione per arrivarvi. Domenica sera il gruppo di Montecitorio esegu\u00ec una passeggiata trionfale con confalone sociale avente uno zoccololo infangato per alabarda e alla sera molti fiasc[h]i dappertutto appesi.<\/p><\/blockquote>\n<p>La vittoria \u00e8 celebrata con un corteo trionfale che ostenta il confalone sociale avente uno &#8220;zoccolo infangato&#8221; per alabarda: Giovanni Mochino, il sindaco degli zoccoli.<\/p>\n<p>La situazione dei lavori del ponte \u00e8 immediatamente dopo riassunta in una frase<\/p>\n<figure id=\"attachment_888\" aria-describedby=\"caption-attachment-888\" style=\"width: 574px\" class=\"wp-caption aligncenter\"><a href=\"https:\/\/ricordi.respublic.com\/wp-content\/uploads\/2013\/12\/1910_07_20_LETTERA_SAN_MAURO_pag2_PONTE.jpg\"><img loading=\"lazy\" decoding=\"async\" class=\"wp-image-888 \" title=\"1910\/07\/20, lettera da San Mauro - Lo stato dei lavori sul ponte\" alt=\"1910\/07\/20, lettera da San Mauro - Lo stato dei lavori sul ponte\" src=\"https:\/\/ricordi.respublic.com\/wp-content\/uploads\/2013\/12\/1910_07_20_LETTERA_SAN_MAURO_pag2_PONTE.jpg\" width=\"574\" height=\"216\" srcset=\"https:\/\/ricordi.respublic.com\/wp-content\/uploads\/2013\/12\/1910_07_20_LETTERA_SAN_MAURO_pag2_PONTE.jpg 820w, https:\/\/ricordi.respublic.com\/wp-content\/uploads\/2013\/12\/1910_07_20_LETTERA_SAN_MAURO_pag2_PONTE-300x112.jpg 300w\" sizes=\"auto, (max-width: 574px) 100vw, 574px\" \/><\/a><figcaption id=\"caption-attachment-888\" class=\"wp-caption-text\">1910\/07\/20, lettera da San Mauro &#8211; Lo stato dei lavori sul ponte<\/figcaption><\/figure>\n<p>&nbsp;<\/p>\n<p>E cio\u00e8<\/p>\n<blockquote><p>Attualmente al ponte sono impiegati circa trenta operai si spera che agli ultimi di agosto potere passare sul provvisorio.<\/p><\/blockquote>\n<p>Essendo la mia famiglia proprietaria di un terreno che si poneva trasversalmente al futuro percorso verso Torino dal lato oltre po, essa fu convocata come altri proprietari in condizioni analoghe. La lettera continua descrivendo i rapporti con il comune.<\/p>\n<figure id=\"attachment_889\" aria-describedby=\"caption-attachment-889\" style=\"width: 506px\" class=\"wp-caption aligncenter\"><a href=\"https:\/\/ricordi.respublic.com\/wp-content\/uploads\/2013\/12\/1910_07_20_LETTERA_SAN_MAURO_pag3_PRATO.jpg\"><img loading=\"lazy\" decoding=\"async\" class=\"wp-image-889 \" title=\"1910\/07\/20, lettera da San Mauro - Incontro tra Comune ed i proprietari dei prati nell'oltre Po attraversati dalla futura strada verso Torino\" alt=\"1910\/07\/20, lettera da San Mauro - Incontro tra Comune ed i proprietari dei prati nell'oltre Po attraversati dalla futura strada verso Torino\" src=\"https:\/\/ricordi.respublic.com\/wp-content\/uploads\/2013\/12\/1910_07_20_LETTERA_SAN_MAURO_pag3_PRATO.jpg\" width=\"506\" height=\"574\" srcset=\"https:\/\/ricordi.respublic.com\/wp-content\/uploads\/2013\/12\/1910_07_20_LETTERA_SAN_MAURO_pag3_PRATO.jpg 723w, https:\/\/ricordi.respublic.com\/wp-content\/uploads\/2013\/12\/1910_07_20_LETTERA_SAN_MAURO_pag3_PRATO-264x300.jpg 264w\" sizes=\"auto, (max-width: 506px) 100vw, 506px\" \/><\/a><figcaption id=\"caption-attachment-889\" class=\"wp-caption-text\">1910\/07\/20, lettera da San Mauro &#8211; Incontro tra Comune ed i proprietari dei prati nell&#8217;oltre Po attraversati dalla futura strada verso Torino<\/figcaption><\/figure>\n<blockquote><p>Questa mattina una commissione composta di ingenieri del comune di Torino, uniti alla nostra giunta comunale a deciso il passaggio della oltre Po che deve dare accesso al ponte (&#8230;) in mezzo al nostro prato avendomelo riferito il Mochino sindaco e dicendomi ancora che fra una ventina di giorni vi sar\u00e0 il progetto &#8230;<\/p><\/blockquote>\n<p>Infine<\/p>\n<figure id=\"attachment_916\" aria-describedby=\"caption-attachment-916\" style=\"width: 574px\" class=\"wp-caption aligncenter\"><a href=\"https:\/\/ricordi.respublic.com\/wp-content\/uploads\/2013\/12\/1910_07_20_LETTERA_SAN_MAURO_pag3e4_STRADA.jpg\"><img loading=\"lazy\" decoding=\"async\" class=\"wp-image-916 \" title=\"1910\/07\/20, lettera da San Mauro - La strada verso Torino\" alt=\"1910\/07\/20, lettera da San Mauro - La strada verso Torino\" src=\"https:\/\/ricordi.respublic.com\/wp-content\/uploads\/2013\/12\/1910_07_20_LETTERA_SAN_MAURO_pag3e4_STRADA.jpg\" width=\"574\" height=\"359\" srcset=\"https:\/\/ricordi.respublic.com\/wp-content\/uploads\/2013\/12\/1910_07_20_LETTERA_SAN_MAURO_pag3e4_STRADA.jpg 820w, https:\/\/ricordi.respublic.com\/wp-content\/uploads\/2013\/12\/1910_07_20_LETTERA_SAN_MAURO_pag3e4_STRADA-300x187.jpg 300w\" sizes=\"auto, (max-width: 574px) 100vw, 574px\" \/><\/a><figcaption id=\"caption-attachment-916\" class=\"wp-caption-text\">1910\/07\/20, lettera da San Mauro &#8211; La strada verso Torino<\/figcaption><\/figure>\n<blockquote><p>La strada sar\u00e0 larga trenta metri conpresa la scarpata ed in essa conterr\u00e0 la linea Tranviaria, la strada rotabile, e una lea ombreggiata di Platani per i pedoni.<\/p><\/blockquote>\n<p>In realt\u00e0 poi il progetto con il Comune di Torino non and\u00f2 a buon fine e la strada fu costruita a larghezza inferiore (6 m invece di 30) ed a carico del solo Comune di San Mauro, dopo l&#8217;acquisto o la permuta dei terreni necessari, nel 1915 quando Giovanni Mochino non era pi\u00f9 sindaco (sostituito dall&#8217;avv. Enrico Mottura) ed i tempi stavano ormai cambiando verso orizzonti piu&#8217; tristi e non solo per gli abitanti di San Mauro. La linea Tranviaria fu poi realizzata nel solo territorio del Comune di Torino, nel 1927 mediante la diramazione Barca-Bertolla della linea Torino-Settimo chiusa nel 1954, e non raggiunse mai San Mauro <sup class=\"ajs-footnote\"><a href=\"#link_ajs-fn-id_1-856\" id=\"back_ajs-fn-id_1-856\">1<\/a><\/sup>.<\/p>\n<ol class=\"ajs-fn\">\n<li><a id=\"link_ajs-fn-id_1-856\"><\/a>Tratter\u00f2 questo argomento in modo pi\u00f9 approfondito in un altre pagine di ricordi&nbsp;&nbsp;<a class=\"ajs-back-link\" href=\"#back_ajs-fn-id_1-856\">(back)<\/a><\/li>\n<\/ol>\n<div id=\"ajs-fn-id_1-856\" style=\"display:none;margin:0;\" class=\"ajs-footnote-popup\"><div>Tratter\u00f2 questo argomento in modo pi\u00f9 approfondito in un altre pagine di ricordi<\/div><\/div><h3>Related Images:<\/h3>","protected":false},"excerpt":{"rendered":"<p>Negli anni dal 1904 al 1914 circa i miei bisnonni paterni, Antonio Battista e Teresa Girardi, risalirono a vivere in Valle di Lanzo ed a Migliere nella casa di propriet\u00e0. Mentre i figli, i fratelli Girardi Antonio e Battista, gestivano l&#8217;attivit\u00e0 commerciale del Salsamentario in San Mauro. I collegamenti venivano mantenuti per corrispondenza postale con &hellip; <\/p>\n<p class=\"link-more\"><a href=\"https:\/\/ricordi.respublic.com\/?page_id=856\" class=\"more-link\">Continue reading<span class=\"screen-reader-text\"> &#8220;Testimonianze famigliari&#8221;<\/span><\/a><\/p>\n","protected":false},"author":1,"featured_media":0,"parent":102,"menu_order":0,"comment_status":"open","ping_status":"open","template":"","meta":{"ngg_post_thumbnail":0,"footnotes":""},"class_list":["post-856","page","type-page","status-publish","hentry"],"_links":{"self":[{"href":"https:\/\/ricordi.respublic.com\/index.php?rest_route=\/wp\/v2\/pages\/856","targetHints":{"allow":["GET"]}}],"collection":[{"href":"https:\/\/ricordi.respublic.com\/index.php?rest_route=\/wp\/v2\/pages"}],"about":[{"href":"https:\/\/ricordi.respublic.com\/index.php?rest_route=\/wp\/v2\/types\/page"}],"author":[{"embeddable":true,"href":"https:\/\/ricordi.respublic.com\/index.php?rest_route=\/wp\/v2\/users\/1"}],"replies":[{"embeddable":true,"href":"https:\/\/ricordi.respublic.com\/index.php?rest_route=%2Fwp%2Fv2%2Fcomments&post=856"}],"version-history":[{"count":48,"href":"https:\/\/ricordi.respublic.com\/index.php?rest_route=\/wp\/v2\/pages\/856\/revisions"}],"predecessor-version":[{"id":1277,"href":"https:\/\/ricordi.respublic.com\/index.php?rest_route=\/wp\/v2\/pages\/856\/revisions\/1277"}],"up":[{"embeddable":true,"href":"https:\/\/ricordi.respublic.com\/index.php?rest_route=\/wp\/v2\/pages\/102"}],"wp:attachment":[{"href":"https:\/\/ricordi.respublic.com\/index.php?rest_route=%2Fwp%2Fv2%2Fmedia&parent=856"}],"curies":[{"name":"wp","href":"https:\/\/api.w.org\/{rel}","templated":true}]}}